{"id":85,"date":"2014-08-16T13:16:09","date_gmt":"2014-08-16T11:16:09","guid":{"rendered":"http:\/\/eksruckzuck.de\/blog\/?page_id=85"},"modified":"2016-04-14T10:54:45","modified_gmt":"2016-04-14T08:54:45","slug":"neues-und-hinweise","status":"publish","type":"page","link":"https:\/\/eksruckzuck.de\/blog\/neues-und-hinweise\/","title":{"rendered":"Neues und Hinweise"},"content":{"rendered":"<h1>Hallo liebe Leser und EKS geplagte Mitstreiter,<\/h1>\n<h2>ab heute erscheinen nun in unregelm\u00e4\u00dfigen Abst\u00e4nden Hinweise zum Programm &#8222;EKSruckzuck&#8220; DIE &#8222;Ausf\u00fcllhilfe&#8220; zur &#8222;Anlage EKS&#8220; vom &#8222;Jobcenter&#8220;<\/h2>\n<p>sowie gut gemeinte Hinweise die Sie interessieren k\u00f6nnten.<\/p>\n<p>14. 04. 2016<br \/>\nHier noch einmal der Hinweis zu meinen Facebook-Gruppen:<\/p>\n<p>Bez\u00fcglich Facebook:<br \/>\nIch habe dort zwei Gruppen erstellt.<br \/>\nEine nennt sich EKS, das ist eine \u00f6ffentliche Gruppe.<br \/>\nDort k\u00f6nnen sich alles EKS-Betroffenen Fragen stellen<br \/>\nund Ihre Erfahrungen austauschen.<br \/>\nHier der direkte Link:<br \/>\n<a href=\"https:\/\/www.facebook.com\/groups\/979864222074265\/\" target=\"_blank\">Offene EKS Gruppe bei Facebook<\/a><\/p>\n<p>Die Andere nennt sich EKSruckzuck, das ist eine \u201eGeheime Gruppe\u201c<br \/>\nund nur die Mitglieder dieser Gruppe k\u00f6nnen Beitr\u00e4ge und Kommentare sehen!!!<br \/>\nHier werden ausschlie\u00dflich nur Kunden unserer Software aufgenommen.<br \/>\nHier k\u00f6nnt ihr, ohne dass die ganze Welt es sehen kann,<br \/>\nErfahrungen rund ums JC und der Anlage EKS, Existenzgr\u00fcndung, Tipps, Hinweise,<br \/>\neinen Rat suchen, um evtl. einen Gesch\u00e4ftspartner zu finden<br \/>\nu.s.w. rein schreiben.<br \/>\nHier der direkte Link:<br \/>\n<a href=\"https:\/\/www.facebook.com\/groups\/753687021443910\/\" target=\"_blank\">Geheime Facebook EKSruckzuck-Gruppe<\/a><\/p>\n<p>Es w\u00e4re sch\u00f6n, wenn ihr euch hier zahlreich anmeldet um euch gegenseitig zu helfen.<br \/>\nWir sitzen ja alle im selben Boot \ud83d\ude09<\/p>\n<p>Sch\u00f6ne Gr\u00fc\u00dfe<\/p>\n<p><em><strong>Wir werden es schaffen!<\/strong><\/em><br \/>\nIhr Christoph Denkert<br \/>\n<a href=\"http:\/\/www.EKSruckzuck.de\" target=\"_blank\">http:\/\/www.EKSruckzuck.de<\/a><\/p>\n<p>&#8212;&#8212;&#8212;&#8212;&#8212;&#8212;&#8212;&#8212;&#8212;&#8212;&#8212;&#8212;&#8212;&#8212;&#8212;&#8212;&#8212;&#8212;&#8212;&#8212;&#8212;&#8212;&#8212;&#8212;&#8212;&#8212;&#8212;&#8212;&#8212;&#8212;&#8212;&#8212;&#8212;&#8212;&#8212;&#8212;&#8212;&#8212;&#8212;&#8212;&#8212;&#8211;<\/p>\n<p>Auf Grund der vermehrten Anfragen wurde unser Programm <strong>EKSruckzuck\u00a0<\/strong>in diesem Jahr f\u00fcr das Betriebssystem Linux erweitert, so dass auch die Benutzer von Linux in den Genuss des Programms kommen k\u00f6nnen.<\/p>\n<p><span style=\"text-decoration: underline;\">EKSruckzuck<\/span> ist damit lauff\u00e4hig auf Windows ab Betriebssystem XP<\/p>\n<p>sowie\u00a0unter Linux 32bit(i386), Linux 64bit(amd64).<\/p>\n<p>&nbsp;<\/p>\n<p>Wir bitten jeden, der unsere <strong>EKS Ausf\u00fcllhilfe<\/strong> gekauft hat, doch eine Bewertung auf unserem Blog zu hinterlassen. Bisher haben wir unsere Updates immer kostenlos zur Verf\u00fcgung gestellt. Da diese Anpassungen des Programms <span style=\"text-decoration: underline;\">EKSruckzuck<\/span> an das jeweils neue <strong>Formular EKS<\/strong> \/ <strong>Anlage EKS<\/strong> der <strong>ARGE<\/strong> immer mit einem hohen Programmier\/Kostenaufwand verbunden sind, k\u00f6nnen wir diesen Service aber nur weiterhin anbieten, wenn auch ausreichend viele Programme verkauft werden. F\u00fcr Sie sind es nur ein paar Minuten Aufwand um uns eine Bewertung zu schreiben. Es hilft uns, Ihnen und allen weiteren Nutzern des <em>EKSruckzuck<\/em> aber zuk\u00fcnftig auch kostenlose Programmaktualisierungen anzubieten\/nutzen.<\/p>\n<p>F\u00fcr die bisher abgegebenen Bewertungen und Meinungen m\u00f6chte ich mich an dieser Stelle auch noch einmal recht herzlich bedanken.<\/p>\n<p>&nbsp;<\/p>\n<p>In diesem Sinne<\/p>\n<p><em><strong>Wir werden es schaffen!<\/strong><\/em><br \/>\nIhr Christoph Denkert<br \/>\n<a href=\"http:\/\/www.eksruckzuck.de\/\" rel=\"nofollow\">http:\/\/www.EKSruckzuck.de<\/a><\/p>\n<p>&nbsp;<\/p>\n","protected":false},"excerpt":{"rendered":"<p>Hallo liebe Leser und EKS geplagte Mitstreiter, ab heute erscheinen nun in unregelm\u00e4\u00dfigen Abst\u00e4nden Hinweise zum Programm &#8222;EKSruckzuck&#8220; DIE &#8222;Ausf\u00fcllhilfe&#8220; zur &#8222;Anlage EKS&#8220; vom &#8222;Jobcenter&#8220; sowie gut gemeinte Hinweise die Sie interessieren k\u00f6nnten. 14. 04. 2016 Hier noch einmal der Hinweis zu meinen Facebook-Gruppen: Bez\u00fcglich Facebook: Ich habe dort zwei Gruppen erstellt. Eine nennt sich [&hellip;]<\/p>\n","protected":false},"author":68,"featured_media":0,"parent":0,"menu_order":3,"comment_status":"closed","ping_status":"closed","template":"","meta":{"_links_to":"","_links_to_target":""},"_links":{"self":[{"href":"https:\/\/eksruckzuck.de\/blog\/wp-json\/wp\/v2\/pages\/85"}],"collection":[{"href":"https:\/\/eksruckzuck.de\/blog\/wp-json\/wp\/v2\/pages"}],"about":[{"href":"https:\/\/eksruckzuck.de\/blog\/wp-json\/wp\/v2\/types\/page"}],"author":[{"embeddable":true,"href":"https:\/\/eksruckzuck.de\/blog\/wp-json\/wp\/v2\/users\/68"}],"replies":[{"embeddable":true,"href":"https:\/\/eksruckzuck.de\/blog\/wp-json\/wp\/v2\/comments?post=85"}],"version-history":[{"count":5,"href":"https:\/\/eksruckzuck.de\/blog\/wp-json\/wp\/v2\/pages\/85\/revisions"}],"predecessor-version":[{"id":162,"href":"https:\/\/eksruckzuck.de\/blog\/wp-json\/wp\/v2\/pages\/85\/revisions\/162"}],"wp:attachment":[{"href":"https:\/\/eksruckzuck.de\/blog\/wp-json\/wp\/v2\/media?parent=85"}],"curies":[{"name":"wp","href":"https:\/\/api.w.org\/{rel}","templated":true}]}}