{"id":6,"date":"2013-06-04T10:58:32","date_gmt":"2013-06-04T08:58:32","guid":{"rendered":"http:\/\/eksruckzuck.de\/blog\/?page_id=6"},"modified":"2017-11-24T20:49:28","modified_gmt":"2017-11-24T18:49:28","slug":"uber-mich","status":"publish","type":"page","link":"https:\/\/eksruckzuck.de\/blog\/uber-mich\/","title":{"rendered":"\u00dcber Mich"},"content":{"rendered":"<p><span style=\"font-family: Arial, sans-serif;\">Hallo liebe Besucher dieser Seite,<\/span><\/p>\n<p><span style=\"font-family: Arial, sans-serif;\"><b>mein Name ist Gerrit Grutzeck, ich bin der Betreiber dieses Blogs und es geht hier um das Thema: Anlage\u00a0<\/b><\/span><span style=\"font-family: Arial, sans-serif;\"><b>EKS Ausf\u00fcllhilfe<\/b><\/span><span style=\"font-family: Arial, sans-serif;\"><b>.<\/b><\/span><\/p>\n<p><span style=\"font-family: Arial, sans-serif;\"><span style=\"font-size: x-large;\"><b>Ich habe mich dazu entschlossen \u00fcber das Thema\u00a0<\/b><\/span><\/span><span style=\"font-family: Arial, sans-serif;\"><span style=\"font-size: x-large;\"><b>&#8222;Anlage EKS Ausf\u00fcllhilfe&#8220;<\/b><\/span><\/span><span style=\"font-family: Arial, sans-serif;\"><span style=\"font-size: x-large;\"><b> zu bloggen, weil ich in den letzten Jahren bei jedem Formular EKS des Jobcenters, unendlich viel Zeit und Nerven vergeudet habe. Dann kam mir die Idee, mein Programm EKSruckzuck nach genau meinen Vorgaben entwickeln zu lassen.<\/b><\/span><\/span><\/p>\n<p><span style=\"font-family: Arial, sans-serif;\"><span style=\"font-size: medium;\">Diese Idee dazu kam mir (nat\u00fcrlich) nach dem l\u00e4stigen Ausf\u00fcllen des Formulars EKS\u00a0<\/span><\/span><span style=\"font-family: Arial, sans-serif;\"><span style=\"font-size: medium;\">f\u00fcr selbstst\u00e4ndige noch Hartz 4 Empf\u00e4nger. <\/span><\/span><span style=\"text-decoration: underline;\"><span style=\"font-family: Arial, sans-serif;\"><span style=\"font-size: medium;\"><a href=\"http:\/\/www.eksruckzuck.de\/\" target=\"_blank\">www.eksruckzuck.de<\/a><\/span><\/span><\/span><\/p>\n<p><span style=\"font-family: Arial, sans-serif;\"><span style=\"font-size: medium;\"><b>Ich dachte mir, es m\u00fcsste doch ein preiswertes Programm geben, das alle eingegebenen Betr\u00e4ge automatisch berechnet. Wichtig f\u00fcr mich war aber, dass auch die Steuerbetr\u00e4ge selbstst\u00e4ndig berechnet werden. Da ich selber mit unterschiedlichen Steuers\u00e4tzen arbeite, war es immer sehr m\u00fc\u00dfig, vor allem bei den Kontrollrechnugen \u2013 falls dann ein anderes Ergebnis raus kam \u2013 alles wieder neu nach zu rechen. Deshalb gibt es jetzt, DIE <\/b><\/span><\/span><span style=\"font-family: Arial, sans-serif;\"><span style=\"font-size: medium;\"><b>Formular EKS Ausf\u00fcllhilfe<\/b><\/span><\/span><span style=\"font-family: Arial, sans-serif;\"><span style=\"font-size: medium;\"><b>.<\/b><\/span><\/span><\/p>\n<p><b style=\"font-size: medium; font-family: Arial, sans-serif; line-height: 1.714285714;\">Mein EKSruckzuck!<\/b><\/p>\n<p><span style=\"font-family: Arial, sans-serif;\">Diesen Gedanken f\u00fcr mein EKSruckzuck habe ich dann mit viel Enthusiasmus und Zeitaufwand verfolgt.<\/span><\/p>\n<p><span style=\"font-family: Arial, sans-serif;\">Wie zu erwarten, wurde es dann doch mit der <\/span><span style=\"font-family: Arial, sans-serif;\"><b>Formular EKS Ausf\u00fcllhilfe<\/b><\/span><span style=\"font-family: Arial, sans-serif;\"> ein umfangreicheres Projekt, als urspr\u00fcnglich gedacht. So wurden nach und nach 4 Button mit den verschiedenen Steuers\u00e4tzen angelegt.<\/span><\/p>\n<ul>\n<li><span style=\"font-family: Arial, sans-serif;\">Ein Button f\u00fcr 0% Steuer, f\u00fcr Kleingewerbetreibende, bzw. Betr\u00e4ge in denen keine Steuer enthalten ist<\/span><\/li>\n<li><span style=\"font-family: Arial, sans-serif; line-height: 1.714285714; font-size: 1rem;\">Ein Button mit 7 % Steuer f\u00fcr Blumen, Lebensmittel, Zeitschriften u.s.w.<\/span><\/li>\n<\/ul>\n<ul>\n<li><span style=\"font-family: Arial, sans-serif;\">Ein Button mit 19%, f\u00fcr normale Handelsware und Dienstleistung <\/span><\/li>\n<li><span style=\"font-family: Arial, sans-serif;\">Ein Kombibutton mit gleichzeitig frei w\u00e4hlbaren 0%, 7%, 19%, um unterschiedliche Steuerbetr\u00e4ge in einem Feld berechnen zu k\u00f6nnen. Z.B. Wareneinkauf bei Restpostenh\u00e4ndler: Kauf von Privatpersonen = 0%, Hundefutter = 7%, normale Handelsware = 19%.<\/span><span style=\"line-height: 1.714285714; font-size: 1rem;\">\u00a0<\/span><\/li>\n<\/ul>\n<p><span style=\"font-family: Arial, sans-serif;\">Das Ganze dann total \u00fcbersichtlich, da jeder Steuerbutten eine andere Farbe hat. Mit diesen Farben werden dann auch die jeweils ausgef\u00fcllten Felder hinterlegt. \u00dcbersichtlicher geht es wohl nicht mehr.<\/span><\/p>\n<p><span style=\"font-family: Arial, sans-serif;\">Ein weiterer Wunsch von mir war aber, dass die Daten direkt in das offizielle Formular EKS der ARGE gedruckt werden.<\/span><\/p>\n<p><span style=\"font-family: Arial, sans-serif;\">Nach vielen Anfragen und monatelangem Warten, hatten wir dann endlich die Genehmigung der Beh\u00f6rde. <\/span><\/p>\n<p><span style=\"font-family: Arial, sans-serif;\">Also, es muss nichts abgeschrieben oder kopiert werden. wenn Sie Ihr Formular ausdrucken, wird es direkt in das offizielle Formular gedruckt. Sie k\u00f6nnen auch w\u00e4hlen, ob Sie das vorausschauende oder das abschlie\u00dfende Formular EKS ausf\u00fcllen m\u00f6chten. Es steht Ihnen nat\u00fcrlich beides zur Verf\u00fcgung. <\/span><\/p>\n<p><span style=\"font-family: Arial, sans-serif;\">Da ich selber wei\u00df das man nicht gerne die Katze im Sack kauft, dazu wom\u00f6glich noch f\u00fcr sehr viel Geld \u2013 das einem meistens nicht zur Verf\u00fcgung steht \u2013 habe ich mir \u00fcberlegt, das Programm EKSruckzuck extrem g\u00fcnstig anzubieten. Damit es sich jeder leisten kann. <\/span><\/p>\n<p><span style=\"font-family: Arial, sans-serif;\">Mein ganzes Umfeld hat mir von diesem Dumpingpreis abgeraten: &#8222;&#8220;Du musst doch erstmal deine eigenen Kosten (die wirklich nicht unerheblich waren) und deinen eigenen Zeitaufwand (den ich auch nicht mehr in Stunden und Tagen rechnen kann) rein bekommen&#8220;&#8220;. Nein, ich m\u00f6chte, dass jeder von der <span style=\"text-decoration: underline;\">Anlage\u00a0<\/span><\/span><span style=\"text-decoration: underline;\"><span style=\"font-family: Arial, sans-serif;\">EKS Ausf\u00fcllhilfe<\/span><\/span><span style=\"font-family: Arial, sans-serif;\"> profitieren kann und das zu einem extrem g\u00fcnstigem Preis.<\/span><\/p>\n<p><span style=\"font-family: Arial, sans-serif;\">Das EKS kann, mit ein wenig \u00dcbung, in unter einer Stunde ausgef\u00fcllt werden!!!<\/span><\/p>\n<p><span style=\"font-family: Arial, sans-serif;\">Wie viel Stunden oder sogar Tage sitzen Sie an dem Formular?<br \/>\n<\/span><span style=\"font-family: Arial, sans-serif;\">Wie viel Arbeitszeit geht Ihnen dadurch verloren, in der Sie gutes Geld verdienen k\u00f6nnten?<br \/>\n<\/span><span style=\"font-family: Arial, sans-serif;\">Wie viel Nerven raubt Ihnen das st\u00e4ndige hin und her rechen?<br \/>\n<\/span><span style=\"font-family: Arial, sans-serif;\">Wie viel mal haben Sie das Formular schon ausgef\u00fcllt?<br \/>\n<\/span><span style=\"font-family: Arial, sans-serif;\">Wie viel mal m\u00fcssen Sie das EKS noch ausf\u00fcllen?<br \/>\n<\/span><span style=\"font-family: Arial, sans-serif;\">Wie viel Geld m\u00fcsste es Ihnen eigentlich wert sein, in einer Stunde fertig zu sein.<br \/>\n<\/span><span style=\"font-family: Arial, sans-serif;\">Wie viel Freizeit h\u00e4tten Sie denn lieber?<\/span><\/p>\n<p><span style=\"font-family: Arial, sans-serif;\">EKSruckzuck. DIE Formular EKS Ausf\u00fcllhilfe vom Feinsten<\/span><\/p>\n<p><span style=\"font-family: Arial, sans-serif;\">Wenn Sie noch nicht sicher sein sollten, wie das Programm EKSruckzuck funktioniert, k\u00f6nnen Sie sich die Videobeschreibung auf <\/span><span style=\"text-decoration: underline;\"><a href=\"http:\/\/www.eksruckzuck.de\/\" target=\"_blank\"><span style=\"font-family: Arial, sans-serif;\">www.eksruckzuck.de<\/span><\/a><\/span><span style=\"font-family: Arial, sans-serif;\"> ansehen. Dort steht sie unter dem Reiter &#8211; Videobeschreibung &#8211; zur Verf\u00fcgung.<\/span><\/p>\n<p><span style=\"font-family: Arial, sans-serif;\">Das sch\u00f6ne beim Arbeiten mit dem Programm EKSruckzuck ist, dass alle ausgef\u00fcllten Felder mit den Farben des jeweiligen Steuersatzes markiert werden. Dadurch ist sofort ersichtlich, welche Felder beschrieben wurden und mit welchem Steuersatz die Berechnung stattfindet.<\/span><\/p>\n<p><span style=\"font-family: Arial, sans-serif;\">Alles was auf Seite 2, 3 und 4 im EKS ausgerechnet werden muss, macht das Programm automatisch.<\/span><\/p>\n<p><span style=\"font-family: Arial, sans-serif;\">Dank dieser Ausf\u00fcllhilfe haben Sie das Formular EKS schnell und nervensparend ausgef\u00fcllt und k\u00f6nnen die eingesparte Zeit (und Nerven) f\u00fcr sich privat, oder Ihr Unternehmen nutzen!<\/span><\/p>\n<p><span style=\"font-family: Arial, sans-serif;\">Bei einem Stundenlohn von nur 20,00 Euro inkl. MwSt., haben Sie den Preis f\u00fcr das Programm EKSruckzuck bei nur einer eingesparten Stunde beim Ausf\u00fcllen des Formulars schon wieder raus. Rechnen Sie sich mal Ihre gebrauchten Stunden in Lohn um \ud83d\ude09 und das alle halbe Jahre wieder! <\/span><\/p>\n<p><span style=\"font-family: Arial, sans-serif;\">Ich habe es selber oft genug ausgef\u00fcllt und wei\u00df wovon ich rede. Irgendwann ist mir der Kragen geplatzt und ich habe das Programm EKSruckzuck nach meinen Vorgaben entwickeln lassen. Da ich selber wei\u00df, dass man als (noch) Hartz 4 Empf\u00e4nger auf jeden Cent achten muss, m\u00f6chte ich das Programm f\u00fcr jeden erschwinglich machen und biete es deshalb f\u00fcr diesen g\u00fcnstigen Preis an! <\/span><\/p>\n<p>&nbsp;<\/p>\n<p><span style=\"font-family: Arial, sans-serif;\">Ihr Gerrit Grutzeck<br \/>\n<\/span><\/p>\n","protected":false},"excerpt":{"rendered":"<p>Hallo liebe Besucher dieser Seite, mein Name ist Gerrit Grutzeck, ich bin der Betreiber dieses Blogs und es geht hier um das Thema: Anlage\u00a0EKS Ausf\u00fcllhilfe. Ich habe mich dazu entschlossen \u00fcber das Thema\u00a0&#8222;Anlage EKS Ausf\u00fcllhilfe&#8220; zu bloggen, weil ich in den letzten Jahren bei jedem Formular EKS des Jobcenters, unendlich viel Zeit und Nerven vergeudet [&hellip;]<\/p>\n","protected":false},"author":68,"featured_media":0,"parent":0,"menu_order":2,"comment_status":"closed","ping_status":"closed","template":"","meta":{"_links_to":"","_links_to_target":""},"_links":{"self":[{"href":"https:\/\/eksruckzuck.de\/blog\/wp-json\/wp\/v2\/pages\/6"}],"collection":[{"href":"https:\/\/eksruckzuck.de\/blog\/wp-json\/wp\/v2\/pages"}],"about":[{"href":"https:\/\/eksruckzuck.de\/blog\/wp-json\/wp\/v2\/types\/page"}],"author":[{"embeddable":true,"href":"https:\/\/eksruckzuck.de\/blog\/wp-json\/wp\/v2\/users\/68"}],"replies":[{"embeddable":true,"href":"https:\/\/eksruckzuck.de\/blog\/wp-json\/wp\/v2\/comments?post=6"}],"version-history":[{"count":11,"href":"https:\/\/eksruckzuck.de\/blog\/wp-json\/wp\/v2\/pages\/6\/revisions"}],"predecessor-version":[{"id":172,"href":"https:\/\/eksruckzuck.de\/blog\/wp-json\/wp\/v2\/pages\/6\/revisions\/172"}],"wp:attachment":[{"href":"https:\/\/eksruckzuck.de\/blog\/wp-json\/wp\/v2\/media?parent=6"}],"curies":[{"name":"wp","href":"https:\/\/api.w.org\/{rel}","templated":true}]}}